{"id":62986,"date":"2024-10-01T21:46:25","date_gmt":"2024-10-01T21:46:25","guid":{"rendered":"https:\/\/www.montbri.com\/product\/playera-off-white-azul\/"},"modified":"2026-04-30T12:43:45","modified_gmt":"2026-04-30T12:43:45","slug":"playera-off-white-azul","status":"publish","type":"product","link":"https:\/\/www.montbri.com\/fr\/product\/playera-off-white-azul\/","title":{"rendered":"Playera off white azul"},"content":{"rendered":"","protected":false},"excerpt":{"rendered":"<p>La playera Off White azul es una prenda que combina elegancia y estilo urbano. Confeccionada en algod\u00f3n de alta calidad, presenta un dise\u00f1o limpio con el ic\u00f3nico logo de Off White en un color contrastante, que a\u00f1ade un toque distintivo. Su corte relajado y el tejido suave la hacen c\u00f3moda y vers\u00e1til, perfecta para diversas ocasiones. Ideal para quienes buscan un look moderno y aut\u00e9ntico, esta playera es una excelente adici\u00f3n a cualquier colecci\u00f3n de streetwear.<\/p>","protected":false},"featured_media":192249,"comment_status":"open","ping_status":"closed","template":"","meta":[],"product_brand":[],"product_cat":[313,222],"product_tag":[],"giftcard-category":[],"class_list":{"0":"post-62986","1":"product","2":"type-product","3":"status-publish","4":"has-post-thumbnail","6":"product_cat-playeras","7":"product_cat-sin-categorizar","8":"pa_talla-talla-l","9":"pa_talla-talla-m","11":"first","12":"instock","13":"featured","14":"taxable","15":"shipping-taxable","16":"purchasable","17":"product-type-variable"},"fifu_image_url":"https:\/\/s3.amazonaws.com\/imagenes2.gm3s.erp.mx\/produccion\/migm3s\/3038\/archivo\/113170\/10325F6016ACC0FA3E5D3753B408F9C387BF33836CF2F5E0B532FDE9C33DFD44.png","_links":{"self":[{"href":"https:\/\/www.montbri.com\/fr\/wp-json\/wp\/v2\/product\/62986","targetHints":{"allow":["GET"]}}],"collection":[{"href":"https:\/\/www.montbri.com\/fr\/wp-json\/wp\/v2\/product"}],"about":[{"href":"https:\/\/www.montbri.com\/fr\/wp-json\/wp\/v2\/types\/product"}],"replies":[{"embeddable":true,"href":"https:\/\/www.montbri.com\/fr\/wp-json\/wp\/v2\/comments?post=62986"}],"wp:featuredmedia":[{"embeddable":true,"href":"https:\/\/www.montbri.com\/fr\/wp-json\/wp\/v2\/media\/192249"}],"wp:attachment":[{"href":"https:\/\/www.montbri.com\/fr\/wp-json\/wp\/v2\/media?parent=62986"}],"wp:term":[{"taxonomy":"product_brand","embeddable":true,"href":"https:\/\/www.montbri.com\/fr\/wp-json\/wp\/v2\/product_brand?post=62986"},{"taxonomy":"product_cat","embeddable":true,"href":"https:\/\/www.montbri.com\/fr\/wp-json\/wp\/v2\/product_cat?post=62986"},{"taxonomy":"product_tag","embeddable":true,"href":"https:\/\/www.montbri.com\/fr\/wp-json\/wp\/v2\/product_tag?post=62986"},{"taxonomy":"giftcard-category","embeddable":true,"href":"https:\/\/www.montbri.com\/fr\/wp-json\/wp\/v2\/giftcard-category?post=62986"}],"curies":[{"name":"wp","href":"https:\/\/api.w.org\/{rel}","templated":true}]}}