{"id":258932,"date":"2024-09-01T03:32:09","date_gmt":"2024-09-01T03:32:09","guid":{"rendered":"https:\/\/www.montbri.com\/producto\/playera-off-white-x\/"},"modified":"2026-04-13T19:55:13","modified_gmt":"2026-04-13T19:55:13","slug":"playera-off-white-x","status":"publish","type":"product","link":"https:\/\/www.montbri.com\/fr\/product\/playera-off-white-x\/","title":{"rendered":"PLAYERA OFF WHITE X"},"content":{"rendered":"","protected":false},"excerpt":{"rendered":"<p>Esta camiseta negra de algod\u00f3n de Off White presenta un dise\u00f1o minimalista en la parte frontal, mientras que en la parte trasera destaca el ic\u00f3nico logotipo de &#8220;tache&#8221; en un vibrante color verde. Su corte relajado y tejido suave la hacen c\u00f3moda y vers\u00e1til, ideal para quienes buscan un estilo urbano moderno y exclusivo.<\/p>","protected":false},"featured_media":258933,"comment_status":"open","ping_status":"closed","template":"","meta":[],"product_brand":[],"product_cat":[313],"product_tag":[],"giftcard-category":[],"class_list":{"0":"post-258932","1":"product","2":"type-product","3":"status-publish","4":"has-post-thumbnail","6":"product_cat-playeras","7":"pa_talla-talla-m","9":"first","10":"outofstock","11":"purchasable","12":"product-type-simple"},"fifu_image_url":"https:\/\/s3.amazonaws.com\/imagenes2.gm3s.erp.mx\/produccion\/migm3s\/3038\/archivo\/116813\/FD00E5B57FB6472E612DD54857C51C910FBDBDB9A78A147D684BE34EC279E9A3.png","_links":{"self":[{"href":"https:\/\/www.montbri.com\/fr\/wp-json\/wp\/v2\/product\/258932","targetHints":{"allow":["GET"]}}],"collection":[{"href":"https:\/\/www.montbri.com\/fr\/wp-json\/wp\/v2\/product"}],"about":[{"href":"https:\/\/www.montbri.com\/fr\/wp-json\/wp\/v2\/types\/product"}],"replies":[{"embeddable":true,"href":"https:\/\/www.montbri.com\/fr\/wp-json\/wp\/v2\/comments?post=258932"}],"wp:featuredmedia":[{"embeddable":true,"href":"https:\/\/www.montbri.com\/fr\/wp-json\/wp\/v2\/media\/258933"}],"wp:attachment":[{"href":"https:\/\/www.montbri.com\/fr\/wp-json\/wp\/v2\/media?parent=258932"}],"wp:term":[{"taxonomy":"product_brand","embeddable":true,"href":"https:\/\/www.montbri.com\/fr\/wp-json\/wp\/v2\/product_brand?post=258932"},{"taxonomy":"product_cat","embeddable":true,"href":"https:\/\/www.montbri.com\/fr\/wp-json\/wp\/v2\/product_cat?post=258932"},{"taxonomy":"product_tag","embeddable":true,"href":"https:\/\/www.montbri.com\/fr\/wp-json\/wp\/v2\/product_tag?post=258932"},{"taxonomy":"giftcard-category","embeddable":true,"href":"https:\/\/www.montbri.com\/fr\/wp-json\/wp\/v2\/giftcard-category?post=258932"}],"curies":[{"name":"wp","href":"https:\/\/api.w.org\/{rel}","templated":true}]}}