{"id":22661,"date":"2024-10-03T10:10:31","date_gmt":"2024-10-03T10:10:31","guid":{"rendered":"https:\/\/www.montbri.com\/product\/sudadera-tipo-off-white-tape-negra\/"},"modified":"2026-04-30T12:42:35","modified_gmt":"2026-04-30T12:42:35","slug":"chamarra-off-white-witch","status":"publish","type":"product","link":"https:\/\/www.montbri.com\/fr\/product\/chamarra-off-white-witch\/","title":{"rendered":"CHAMARRA OFF WHITE WITCH"},"content":{"rendered":"","protected":false},"excerpt":{"rendered":"<p>La chamarra Off White con fondo &#8220;Witch&#8221; es una prenda que fusiona moda urbana con un dise\u00f1o oscuro y enigm\u00e1tico. Confeccionada en materiales de alta calidad, presenta un estampado intrigante inspirado en elementos m\u00edsticos, sobre una base de colores oscuros. Los detalles gr\u00e1ficos y las ic\u00f3nicas rayas diagonales de Off White le aportan un toque distintivo y contempor\u00e1neo. Ideal para quienes buscan un look exclusivo y audaz que combine confort y estilo vanguardista.<\/p>","protected":false},"featured_media":192224,"comment_status":"open","ping_status":"closed","template":"","meta":[],"product_brand":[],"product_cat":[317],"product_tag":[],"giftcard-category":[],"class_list":{"0":"post-22661","1":"product","2":"type-product","3":"status-publish","4":"has-post-thumbnail","6":"product_cat-prendas-de-vestir","7":"pa_talla-talla-l","8":"pa_talla-talla-m","10":"first","11":"instock","12":"featured","13":"taxable","14":"shipping-taxable","15":"purchasable","16":"product-type-variable"},"fifu_image_url":"https:\/\/s3.amazonaws.com\/imagenes2.gm3s.erp.mx\/produccion\/migm3s\/3038\/archivo\/112263\/0E7F8101CA9007B21128262E9FA032E5298F7E582CE354B88BB2E421A2F03B03.png","_links":{"self":[{"href":"https:\/\/www.montbri.com\/fr\/wp-json\/wp\/v2\/product\/22661","targetHints":{"allow":["GET"]}}],"collection":[{"href":"https:\/\/www.montbri.com\/fr\/wp-json\/wp\/v2\/product"}],"about":[{"href":"https:\/\/www.montbri.com\/fr\/wp-json\/wp\/v2\/types\/product"}],"replies":[{"embeddable":true,"href":"https:\/\/www.montbri.com\/fr\/wp-json\/wp\/v2\/comments?post=22661"}],"wp:featuredmedia":[{"embeddable":true,"href":"https:\/\/www.montbri.com\/fr\/wp-json\/wp\/v2\/media\/192224"}],"wp:attachment":[{"href":"https:\/\/www.montbri.com\/fr\/wp-json\/wp\/v2\/media?parent=22661"}],"wp:term":[{"taxonomy":"product_brand","embeddable":true,"href":"https:\/\/www.montbri.com\/fr\/wp-json\/wp\/v2\/product_brand?post=22661"},{"taxonomy":"product_cat","embeddable":true,"href":"https:\/\/www.montbri.com\/fr\/wp-json\/wp\/v2\/product_cat?post=22661"},{"taxonomy":"product_tag","embeddable":true,"href":"https:\/\/www.montbri.com\/fr\/wp-json\/wp\/v2\/product_tag?post=22661"},{"taxonomy":"giftcard-category","embeddable":true,"href":"https:\/\/www.montbri.com\/fr\/wp-json\/wp\/v2\/giftcard-category?post=22661"}],"curies":[{"name":"wp","href":"https:\/\/api.w.org\/{rel}","templated":true}]}}